{"id":13,"date":"2022-06-07T11:53:47","date_gmt":"2022-06-07T09:53:47","guid":{"rendered":"https:\/\/www.scierie-ehrstein.com\/?page_id=13"},"modified":"2026-03-18T08:42:05","modified_gmt":"2026-03-18T07:42:05","slug":"la-scierie-ehrstein","status":"publish","type":"page","link":"https:\/\/www.scierie-ehrstein.com\/","title":{"rendered":"La Scierie EHRSTEIN"},"content":{"rendered":"\n<p><strong>Scierie familiale depuis 1783 \u2013 Un savoir-faire transmis de g\u00e9n\u00e9ration en g\u00e9n\u00e9ration<\/strong><\/p>\n\n\n\n<p>Implant\u00e9e au c\u0153ur de <strong><a href=\"https:\/\/www.google.com\/search?q=Scierie+Ehrstein&amp;stick=H4sIAAAAAAAA_-NgU1I1qDAxtzSzSDFPNTFJS0kzSjW2MqiwNE9LTTY3MkxLTjNJM7QwWMQqEJycmVqUmargmlFUXJKamQcA40HydTwAAAA&amp;hl=fr&amp;mat=CbtTndqcDfhrElcBYJahaSxlf_KczUnYLl7SA1KptY-hv3roNG1uvLT5cZ5LO2Z7cBd7WZ49I39PBzcb1SQocRJ2QLQxqpoHWODkcL2D8pn3uKidzyZ7Q73Fs4B4JMgRLlU&amp;authuser=0\">Lembach<\/a><\/strong>, <strong>en Alsace<\/strong>, depuis plus de deux si\u00e8cles, notre <strong>scierie familiale<\/strong>, fond\u00e9e en <strong>1783<\/strong>, perp\u00e9tue un savoir-faire artisanal unique. Transmise de g\u00e9n\u00e9ration en g\u00e9n\u00e9ration, elle est le fruit d\u2019une passion intacte pour le travail du bois, dans le respect des traditions et de la mati\u00e8re.<\/p>\n\n\n\n<p>Nous mettons un point d\u2019honneur \u00e0 <strong>travailler sur mesure<\/strong>, en \u00e9troite collaboration avec nos clients \u2013 particuliers, artisans, architectes ou collectivit\u00e9s \u2013 afin de r\u00e9pondre \u00e0 des projets sp\u00e9cifiques, exigeants et durables.<\/p>\n\n\n\n<p><strong>Sur-mesure, de la grume \u00e0 la pi\u00e8ce finie<\/strong><\/p>\n\n\n\n<p>Chaque pi\u00e8ce est choisie, sci\u00e9e, calibr\u00e9e et pr\u00e9par\u00e9e selon vos besoins. Gr\u00e2ce \u00e0 notre ma\u00eetrise compl\u00e8te de la cha\u00eene de transformation, nous pouvons vous garantir :<\/p>\n\n\n\n<ul class=\"wp-block-list\">\n<li>Une <strong>qualit\u00e9 artisanale<\/strong>, fid\u00e8le \u00e0 <a href=\"https:\/\/www.scierie-ehrstein.com\/index.php\/la-scierie\/\" data-type=\"page\" data-id=\"242\">notre h\u00e9ritage<\/a><\/li>\n<\/ul>\n\n\n\n<ul class=\"wp-block-list\">\n<li>Des <a href=\"https:\/\/www.scierie-ehrstein.com\/index.php\/nos-produits\/\" data-type=\"page\" data-id=\"156\">produits<\/a> <strong>uniques<\/strong> et <strong>adapt\u00e9s \u00e0 vos contraintes<\/strong><\/li>\n<\/ul>\n\n\n\n<ul class=\"wp-block-list\">\n<li>Un bois <strong>local<\/strong> et <strong>tra\u00e7able<\/strong><\/li>\n<\/ul>\n\n\n\n<figure class=\"wp-block-image aligncenter size-large\"><img fetchpriority=\"high\" decoding=\"async\" width=\"1024\" height=\"617\" src=\"http:\/\/www.scierie-ehrstein.com\/wp-content\/uploads\/2025\/07\/cropped-drone-1024x617.jpg\" alt=\"photo a\u00e9rienne du site de la scierie Ehrstein\" class=\"wp-image-161\" srcset=\"https:\/\/www.scierie-ehrstein.com\/wp-content\/uploads\/2025\/07\/cropped-drone-1024x617.jpg 1024w, https:\/\/www.scierie-ehrstein.com\/wp-content\/uploads\/2025\/07\/cropped-drone-300x181.jpg 300w, https:\/\/www.scierie-ehrstein.com\/wp-content\/uploads\/2025\/07\/cropped-drone-768x463.jpg 768w, https:\/\/www.scierie-ehrstein.com\/wp-content\/uploads\/2025\/07\/cropped-drone-1536x926.jpg 1536w, https:\/\/www.scierie-ehrstein.com\/wp-content\/uploads\/2025\/07\/cropped-drone.jpg 2000w\" sizes=\"(max-width: 1024px) 100vw, 1024px\" \/><figcaption class=\"wp-element-caption\">Vue a\u00e9rienne de la scierie<\/figcaption><\/figure>\n\n\n\n<p><\/p>\n","protected":false},"excerpt":{"rendered":"<p>Scierie familiale depuis 1783 \u2013 Un savoir-faire transmis de g\u00e9n\u00e9ration en g\u00e9n\u00e9ration Implant\u00e9e au c\u0153ur de Lembach, en Alsace, depuis plus de deux si\u00e8cles, notre scierie familiale, fond\u00e9e en 1783, perp\u00e9tue un savoir-faire artisanal unique. Transmise de g\u00e9n\u00e9ration en g\u00e9n\u00e9ration, elle est le fruit d\u2019une passion intacte pour le travail du bois, dans le respect [&hellip;]<\/p>\n","protected":false},"author":1,"featured_media":0,"parent":0,"menu_order":0,"comment_status":"closed","ping_status":"closed","template":"","meta":{"site-sidebar-layout":"default","site-content-layout":"","ast-site-content-layout":"default","site-content-style":"default","site-sidebar-style":"default","ast-global-header-display":"","ast-banner-title-visibility":"","ast-main-header-display":"","ast-hfb-above-header-display":"","ast-hfb-below-header-display":"","ast-hfb-mobile-header-display":"","site-post-title":"","ast-breadcrumbs-content":"","ast-featured-img":"","footer-sml-layout":"","ast-disable-related-posts":"","theme-transparent-header-meta":"","adv-header-id-meta":"","stick-header-meta":"","header-above-stick-meta":"","header-main-stick-meta":"","header-below-stick-meta":"","astra-migrate-meta-layouts":"set","ast-page-background-enabled":"default","ast-page-background-meta":{"desktop":{"background-color":"var(--ast-global-color-4)","background-image":"","background-repeat":"repeat","background-position":"center center","background-size":"auto","background-attachment":"scroll","background-type":"","background-media":"","overlay-type":"","overlay-color":"","overlay-opacity":"","overlay-gradient":""},"tablet":{"background-color":"","background-image":"","background-repeat":"repeat","background-position":"center center","background-size":"auto","background-attachment":"scroll","background-type":"","background-media":"","overlay-type":"","overlay-color":"","overlay-opacity":"","overlay-gradient":""},"mobile":{"background-color":"","background-image":"","background-repeat":"repeat","background-position":"center center","background-size":"auto","background-attachment":"scroll","background-type":"","background-media":"","overlay-type":"","overlay-color":"","overlay-opacity":"","overlay-gradient":""}},"ast-content-background-meta":{"desktop":{"background-color":"var(--ast-global-color-5)","background-image":"","background-repeat":"repeat","background-position":"center center","background-size":"auto","background-attachment":"scroll","background-type":"","background-media":"","overlay-type":"","overlay-color":"","overlay-opacity":"","overlay-gradient":""},"tablet":{"background-color":"var(--ast-global-color-5)","background-image":"","background-repeat":"repeat","background-position":"center center","background-size":"auto","background-attachment":"scroll","background-type":"","background-media":"","overlay-type":"","overlay-color":"","overlay-opacity":"","overlay-gradient":""},"mobile":{"background-color":"var(--ast-global-color-5)","background-image":"","background-repeat":"repeat","background-position":"center center","background-size":"auto","background-attachment":"scroll","background-type":"","background-media":"","overlay-type":"","overlay-color":"","overlay-opacity":"","overlay-gradient":""}},"footnotes":""},"class_list":["post-13","page","type-page","status-publish","hentry"],"_links":{"self":[{"href":"https:\/\/www.scierie-ehrstein.com\/index.php\/wp-json\/wp\/v2\/pages\/13","targetHints":{"allow":["GET"]}}],"collection":[{"href":"https:\/\/www.scierie-ehrstein.com\/index.php\/wp-json\/wp\/v2\/pages"}],"about":[{"href":"https:\/\/www.scierie-ehrstein.com\/index.php\/wp-json\/wp\/v2\/types\/page"}],"author":[{"embeddable":true,"href":"https:\/\/www.scierie-ehrstein.com\/index.php\/wp-json\/wp\/v2\/users\/1"}],"replies":[{"embeddable":true,"href":"https:\/\/www.scierie-ehrstein.com\/index.php\/wp-json\/wp\/v2\/comments?post=13"}],"version-history":[{"count":13,"href":"https:\/\/www.scierie-ehrstein.com\/index.php\/wp-json\/wp\/v2\/pages\/13\/revisions"}],"predecessor-version":[{"id":376,"href":"https:\/\/www.scierie-ehrstein.com\/index.php\/wp-json\/wp\/v2\/pages\/13\/revisions\/376"}],"wp:attachment":[{"href":"https:\/\/www.scierie-ehrstein.com\/index.php\/wp-json\/wp\/v2\/media?parent=13"}],"curies":[{"name":"wp","href":"https:\/\/api.w.org\/{rel}","templated":true}]}}