{"id":2,"date":"2022-06-03T11:28:36","date_gmt":"2022-06-03T09:28:36","guid":{"rendered":"http:\/\/www.scierie-ehrstein.com\/wordpress\/?page_id=2"},"modified":"2025-07-24T16:52:52","modified_gmt":"2025-07-24T14:52:52","slug":"page-d-exemple","status":"publish","type":"page","link":"https:\/\/www.scierie-ehrstein.com\/index.php\/page-d-exemple\/","title":{"rendered":"Notre Histoire"},"content":{"rendered":"\n<p>Avec plus de <strong>240 ans d\u2019histoire<\/strong>, la <a href=\"https:\/\/www.scierie-ehrstein.com\/index.php\/la-scierie\/\" data-type=\"page\" data-id=\"242\">Scierie EHRSTEIN<\/a> est l\u2019une des plus anciennes entreprises familiales dans la transformation du bois dans les Vosges du Nord. Depuis sa cr\u00e9ation en <strong>1783<\/strong>, elle allie tradition, savoir-faire et innovation au service d\u2019une production durable.<\/p>\n\n\n\n<p>Transmise de g\u00e9n\u00e9ration en g\u00e9n\u00e9ration, l\u2019entreprise a connu plusieurs \u00e9tapes cl\u00e9s :<\/p>\n\n\n\n<ul class=\"wp-block-list\">\n<li>En <strong>1949<\/strong>, Ernest EHRSTEIN modernise la scierie avec des machines plus performantes.<\/li>\n\n\n\n<li>En <strong>1961<\/strong>, Jean-Paul EHRSTEIN transforme l\u2019entreprise en soci\u00e9t\u00e9.<\/li>\n\n\n\n<li>\u00c0 partir de <strong>1986<\/strong>, Jacky et Laurent EHRSTEIN d\u00e9veloppent une nouvelle unit\u00e9 de production, int\u00e9grant des technologies <a href=\"https:\/\/www.scierie-ehrstein.com\/index.php\/eco-responsable\/\" data-type=\"page\" data-id=\"82\">respectueuses de l\u2019environnement<\/a>.<\/li>\n<\/ul>\n\n\n\n<p>Aujourd\u2019hui, la scierie est <strong><a href=\"https:\/\/www.pefc-france.org\/\">labellis\u00e9e PEFC<\/a><\/strong>, utilise une <strong>chaudi\u00e8re biomasse<\/strong>, et r\u00e9cup\u00e8re les eaux de pluie, affirmant son engagement \u00e9cologique.<\/p>\n\n\n\n<p>En <strong>2023<\/strong>, elle se diversifie avec la cr\u00e9ation d\u2019une <strong><a href=\"https:\/\/www.scierie-ehrstein.com\/index.php\/la-merranderie\/\" data-type=\"page\" data-id=\"163\">merranderie<\/a><\/strong>, sp\u00e9cialis\u00e9e dans la production de <strong>merrain de ch\u00eane<\/strong> pour la tonnellerie, contribuant ainsi \u00e0 une fili\u00e8re courte et de haute qualit\u00e9.<\/p>\n\n\n\n<p><strong>Tradition, innovation et durabilit\u00e9<\/strong> sont les piliers de la Scierie EHRSTEIN.<\/p>\n\n\n\n<figure class=\"wp-block-image aligncenter size-large\"><img fetchpriority=\"high\" decoding=\"async\" width=\"1024\" height=\"768\" src=\"https:\/\/www.scierie-ehrstein.com\/wp-content\/uploads\/2025\/07\/photo-papi-laurent-jacky-1-1024x768.jpg\" alt=\"\" class=\"wp-image-215\" srcset=\"https:\/\/www.scierie-ehrstein.com\/wp-content\/uploads\/2025\/07\/photo-papi-laurent-jacky-1-1024x768.jpg 1024w, https:\/\/www.scierie-ehrstein.com\/wp-content\/uploads\/2025\/07\/photo-papi-laurent-jacky-1-300x225.jpg 300w, https:\/\/www.scierie-ehrstein.com\/wp-content\/uploads\/2025\/07\/photo-papi-laurent-jacky-1-768x576.jpg 768w, https:\/\/www.scierie-ehrstein.com\/wp-content\/uploads\/2025\/07\/photo-papi-laurent-jacky-1-1536x1152.jpg 1536w, https:\/\/www.scierie-ehrstein.com\/wp-content\/uploads\/2025\/07\/photo-papi-laurent-jacky-1.jpg 1600w\" sizes=\"(max-width: 1024px) 100vw, 1024px\" \/><figcaption class=\"wp-element-caption\">De gauche \u00e0 droite : Jacky, Laurent et Jean-Paul<\/figcaption><\/figure>\n","protected":false},"excerpt":{"rendered":"<p>Avec plus de 240 ans d\u2019histoire, la Scierie EHRSTEIN est l\u2019une des plus anciennes entreprises familiales dans la transformation du bois dans les Vosges du Nord. Depuis sa cr\u00e9ation en 1783, elle allie tradition, savoir-faire et innovation au service d\u2019une production durable. Transmise de g\u00e9n\u00e9ration en g\u00e9n\u00e9ration, l\u2019entreprise a connu plusieurs \u00e9tapes cl\u00e9s : Aujourd\u2019hui, [&hellip;]<\/p>\n","protected":false},"author":1,"featured_media":0,"parent":0,"menu_order":0,"comment_status":"closed","ping_status":"open","template":"","meta":{"site-sidebar-layout":"default","site-content-layout":"","ast-site-content-layout":"default","site-content-style":"default","site-sidebar-style":"default","ast-global-header-display":"","ast-banner-title-visibility":"","ast-main-header-display":"","ast-hfb-above-header-display":"","ast-hfb-below-header-display":"","ast-hfb-mobile-header-display":"","site-post-title":"","ast-breadcrumbs-content":"","ast-featured-img":"","footer-sml-layout":"","ast-disable-related-posts":"","theme-transparent-header-meta":"","adv-header-id-meta":"","stick-header-meta":"","header-above-stick-meta":"","header-main-stick-meta":"","header-below-stick-meta":"","astra-migrate-meta-layouts":"set","ast-page-background-enabled":"default","ast-page-background-meta":{"desktop":{"background-color":"var(--ast-global-color-4)","background-image":"","background-repeat":"repeat","background-position":"center center","background-size":"auto","background-attachment":"scroll","background-type":"","background-media":"","overlay-type":"","overlay-color":"","overlay-opacity":"","overlay-gradient":""},"tablet":{"background-color":"","background-image":"","background-repeat":"repeat","background-position":"center center","background-size":"auto","background-attachment":"scroll","background-type":"","background-media":"","overlay-type":"","overlay-color":"","overlay-opacity":"","overlay-gradient":""},"mobile":{"background-color":"","background-image":"","background-repeat":"repeat","background-position":"center center","background-size":"auto","background-attachment":"scroll","background-type":"","background-media":"","overlay-type":"","overlay-color":"","overlay-opacity":"","overlay-gradient":""}},"ast-content-background-meta":{"desktop":{"background-color":"var(--ast-global-color-5)","background-image":"","background-repeat":"repeat","background-position":"center center","background-size":"auto","background-attachment":"scroll","background-type":"","background-media":"","overlay-type":"","overlay-color":"","overlay-opacity":"","overlay-gradient":""},"tablet":{"background-color":"var(--ast-global-color-5)","background-image":"","background-repeat":"repeat","background-position":"center center","background-size":"auto","background-attachment":"scroll","background-type":"","background-media":"","overlay-type":"","overlay-color":"","overlay-opacity":"","overlay-gradient":""},"mobile":{"background-color":"var(--ast-global-color-5)","background-image":"","background-repeat":"repeat","background-position":"center center","background-size":"auto","background-attachment":"scroll","background-type":"","background-media":"","overlay-type":"","overlay-color":"","overlay-opacity":"","overlay-gradient":""}},"footnotes":""},"class_list":["post-2","page","type-page","status-publish","hentry"],"_links":{"self":[{"href":"https:\/\/www.scierie-ehrstein.com\/index.php\/wp-json\/wp\/v2\/pages\/2","targetHints":{"allow":["GET"]}}],"collection":[{"href":"https:\/\/www.scierie-ehrstein.com\/index.php\/wp-json\/wp\/v2\/pages"}],"about":[{"href":"https:\/\/www.scierie-ehrstein.com\/index.php\/wp-json\/wp\/v2\/types\/page"}],"author":[{"embeddable":true,"href":"https:\/\/www.scierie-ehrstein.com\/index.php\/wp-json\/wp\/v2\/users\/1"}],"replies":[{"embeddable":true,"href":"https:\/\/www.scierie-ehrstein.com\/index.php\/wp-json\/wp\/v2\/comments?post=2"}],"version-history":[{"count":18,"href":"https:\/\/www.scierie-ehrstein.com\/index.php\/wp-json\/wp\/v2\/pages\/2\/revisions"}],"predecessor-version":[{"id":356,"href":"https:\/\/www.scierie-ehrstein.com\/index.php\/wp-json\/wp\/v2\/pages\/2\/revisions\/356"}],"wp:attachment":[{"href":"https:\/\/www.scierie-ehrstein.com\/index.php\/wp-json\/wp\/v2\/media?parent=2"}],"curies":[{"name":"wp","href":"https:\/\/api.w.org\/{rel}","templated":true}]}}