{"id":274,"date":"2025-07-23T16:50:50","date_gmt":"2025-07-23T14:50:50","guid":{"rendered":"https:\/\/www.scierie-ehrstein.com\/?page_id=274"},"modified":"2025-07-30T11:12:26","modified_gmt":"2025-07-30T09:12:26","slug":"sciage-a-facon","status":"publish","type":"page","link":"https:\/\/www.scierie-ehrstein.com\/index.php\/sciage-a-facon\/","title":{"rendered":"Sciage \u00e0 fa\u00e7on"},"content":{"rendered":"\n<h3 class=\"wp-block-heading\"><strong>Sciage \u00e0 fa\u00e7on : votre bois, notre savoir-faire<\/strong><\/h3>\n\n\n\n<p>\u00c0 la Scierie EHRSTEIN, nous mettons notre expertise au service de vos besoins gr\u00e2ce \u00e0 notre offre de <strong>sciage \u00e0 fa\u00e7on<\/strong>. Vous disposez de grumes ? Nous les transformons selon vos sp\u00e9cifications, en respectant les dimensions, les sections et l\u2019usage final souhait\u00e9. Ce service sur mesure vous permet de <strong>valoriser votre propre bois<\/strong>, tout en profitant de la qualit\u00e9 et de la pr\u00e9cision de notre travail.<\/p>\n\n\n\n<p>Que vous soyez <strong>particulier, exploitant forestier ou professionnel<\/strong>, nous adaptons notre savoir-faire \u00e0 chaque demande. Gr\u00e2ce \u00e0 des \u00e9quipements performants et \u00e0 une connaissance approfondie des essences locales, nous garantissons un sciage optimal, adapt\u00e9 \u00e0 vos projets de <strong>charpente, menuiserie, bardage ou bois d\u2019\u0153uvre<\/strong>.<\/p>\n\n\n\n<p>Le sciage \u00e0 fa\u00e7on s\u2019inscrit dans une d\u00e9marche <strong>locale, \u00e9conomique et durable<\/strong>, en r\u00e9duisant les interm\u00e9diaires et en favorisant une transformation de proximit\u00e9. En nous confiant vos grumes, vous faites le choix d\u2019un service fiable, pr\u00e9cis et respectueux de la mati\u00e8re.<\/p>\n\n\n\n<figure class=\"wp-block-image\"><img fetchpriority=\"high\" decoding=\"async\" width=\"2048\" height=\"1152\" src=\"https:\/\/www.scierie-ehrstein.com\/wp-content\/uploads\/2025\/07\/sciage-a-facon-edited.jpg\" alt=\"\" class=\"wp-image-371\" srcset=\"https:\/\/www.scierie-ehrstein.com\/wp-content\/uploads\/2025\/07\/sciage-a-facon-edited.jpg 2048w, https:\/\/www.scierie-ehrstein.com\/wp-content\/uploads\/2025\/07\/sciage-a-facon-edited-300x169.jpg 300w, https:\/\/www.scierie-ehrstein.com\/wp-content\/uploads\/2025\/07\/sciage-a-facon-edited-1024x576.jpg 1024w, https:\/\/www.scierie-ehrstein.com\/wp-content\/uploads\/2025\/07\/sciage-a-facon-edited-768x432.jpg 768w, https:\/\/www.scierie-ehrstein.com\/wp-content\/uploads\/2025\/07\/sciage-a-facon-edited-1536x864.jpg 1536w\" sizes=\"(max-width: 2048px) 100vw, 2048px\" \/><figcaption class=\"wp-element-caption\">Grumes livr\u00e9es par le client, coup\u00e9es dans notre scierie<\/figcaption><\/figure>\n","protected":false},"excerpt":{"rendered":"<p>Sciage \u00e0 fa\u00e7on : votre bois, notre savoir-faire \u00c0 la Scierie EHRSTEIN, nous mettons notre expertise au service de vos besoins gr\u00e2ce \u00e0 notre offre de sciage \u00e0 fa\u00e7on. Vous disposez de grumes ? Nous les transformons selon vos sp\u00e9cifications, en respectant les dimensions, les sections et l\u2019usage final souhait\u00e9. Ce service sur mesure vous [&hellip;]<\/p>\n","protected":false},"author":1,"featured_media":0,"parent":0,"menu_order":0,"comment_status":"closed","ping_status":"closed","template":"","meta":{"site-sidebar-layout":"default","site-content-layout":"","ast-site-content-layout":"default","site-content-style":"default","site-sidebar-style":"default","ast-global-header-display":"","ast-banner-title-visibility":"","ast-main-header-display":"","ast-hfb-above-header-display":"","ast-hfb-below-header-display":"","ast-hfb-mobile-header-display":"","site-post-title":"","ast-breadcrumbs-content":"","ast-featured-img":"","footer-sml-layout":"","ast-disable-related-posts":"","theme-transparent-header-meta":"","adv-header-id-meta":"","stick-header-meta":"","header-above-stick-meta":"","header-main-stick-meta":"","header-below-stick-meta":"","astra-migrate-meta-layouts":"set","ast-page-background-enabled":"default","ast-page-background-meta":{"desktop":{"background-color":"var(--ast-global-color-4)","background-image":"","background-repeat":"repeat","background-position":"center center","background-size":"auto","background-attachment":"scroll","background-type":"","background-media":"","overlay-type":"","overlay-color":"","overlay-opacity":"","overlay-gradient":""},"tablet":{"background-color":"","background-image":"","background-repeat":"repeat","background-position":"center center","background-size":"auto","background-attachment":"scroll","background-type":"","background-media":"","overlay-type":"","overlay-color":"","overlay-opacity":"","overlay-gradient":""},"mobile":{"background-color":"","background-image":"","background-repeat":"repeat","background-position":"center center","background-size":"auto","background-attachment":"scroll","background-type":"","background-media":"","overlay-type":"","overlay-color":"","overlay-opacity":"","overlay-gradient":""}},"ast-content-background-meta":{"desktop":{"background-color":"var(--ast-global-color-5)","background-image":"","background-repeat":"repeat","background-position":"center center","background-size":"auto","background-attachment":"scroll","background-type":"","background-media":"","overlay-type":"","overlay-color":"","overlay-opacity":"","overlay-gradient":""},"tablet":{"background-color":"var(--ast-global-color-5)","background-image":"","background-repeat":"repeat","background-position":"center center","background-size":"auto","background-attachment":"scroll","background-type":"","background-media":"","overlay-type":"","overlay-color":"","overlay-opacity":"","overlay-gradient":""},"mobile":{"background-color":"var(--ast-global-color-5)","background-image":"","background-repeat":"repeat","background-position":"center center","background-size":"auto","background-attachment":"scroll","background-type":"","background-media":"","overlay-type":"","overlay-color":"","overlay-opacity":"","overlay-gradient":""}},"footnotes":""},"class_list":["post-274","page","type-page","status-publish","hentry"],"_links":{"self":[{"href":"https:\/\/www.scierie-ehrstein.com\/index.php\/wp-json\/wp\/v2\/pages\/274","targetHints":{"allow":["GET"]}}],"collection":[{"href":"https:\/\/www.scierie-ehrstein.com\/index.php\/wp-json\/wp\/v2\/pages"}],"about":[{"href":"https:\/\/www.scierie-ehrstein.com\/index.php\/wp-json\/wp\/v2\/types\/page"}],"author":[{"embeddable":true,"href":"https:\/\/www.scierie-ehrstein.com\/index.php\/wp-json\/wp\/v2\/users\/1"}],"replies":[{"embeddable":true,"href":"https:\/\/www.scierie-ehrstein.com\/index.php\/wp-json\/wp\/v2\/comments?post=274"}],"version-history":[{"count":3,"href":"https:\/\/www.scierie-ehrstein.com\/index.php\/wp-json\/wp\/v2\/pages\/274\/revisions"}],"predecessor-version":[{"id":372,"href":"https:\/\/www.scierie-ehrstein.com\/index.php\/wp-json\/wp\/v2\/pages\/274\/revisions\/372"}],"wp:attachment":[{"href":"https:\/\/www.scierie-ehrstein.com\/index.php\/wp-json\/wp\/v2\/media?parent=274"}],"curies":[{"name":"wp","href":"https:\/\/api.w.org\/{rel}","templated":true}]}}