{"id":279,"date":"2025-07-23T16:57:31","date_gmt":"2025-07-23T14:57:31","guid":{"rendered":"https:\/\/www.scierie-ehrstein.com\/?page_id=279"},"modified":"2025-07-23T17:03:11","modified_gmt":"2025-07-23T15:03:11","slug":"service","status":"publish","type":"page","link":"https:\/\/www.scierie-ehrstein.com\/index.php\/service\/","title":{"rendered":"Service"},"content":{"rendered":"\n<h3 class=\"wp-block-heading\"><strong>Traitement et s\u00e9chage du bois : durabilit\u00e9 et qualit\u00e9 optimales<\/strong><\/h3>\n\n\n\n<p>Pour vous garantir un bois \u00e0 la fois <strong>stable, durable et pr\u00eat \u00e0 l\u2019emploi<\/strong>, la Scierie EHRSTEIN propose un service complet de <strong>traitement<\/strong> et de <strong>s\u00e9chage<\/strong>, incluant un proc\u00e9d\u00e9 innovant de <strong>s\u00e9chage sous vide<\/strong>.<\/p>\n\n\n\n<p>Ce proc\u00e9d\u00e9 permet de <strong>s\u00e9cher le bois \u00e0 basse temp\u00e9rature<\/strong>, en r\u00e9duisant consid\u00e9rablement le risque de d\u00e9formation, de fissuration ou de perte de qualit\u00e9. En limitant la mont\u00e9e en temp\u00e9rature, le s\u00e9chage sous vide pr\u00e9serve les propri\u00e9t\u00e9s naturelles du bois, tout en assurant un taux d\u2019humidit\u00e9 optimal pour une mise en \u0153uvre facilit\u00e9e.<\/p>\n\n\n\n<p>En compl\u00e9ment, notre traitement <strong>prot\u00e8ge le bois contre les insectes, champignons et humidit\u00e9<\/strong> (<a href=\"https:\/\/www.scierie-ehrstein.com\/index.php\/fiche-de-donnees-de-securite-xylophene-preventif-ex-2002-plus\/\" data-type=\"page\" data-id=\"249\">classe 3<\/a>). Ces services garantissent une <strong>long\u00e9vit\u00e9 accrue<\/strong> et un mat\u00e9riau performant, id\u00e9al pour les applications ext\u00e9rieures ou structurelles.<\/p>\n\n\n\n<p><\/p>\n","protected":false},"excerpt":{"rendered":"<p>Traitement et s\u00e9chage du bois : durabilit\u00e9 et qualit\u00e9 optimales Pour vous garantir un bois \u00e0 la fois stable, durable et pr\u00eat \u00e0 l\u2019emploi, la Scierie EHRSTEIN propose un service complet de traitement et de s\u00e9chage, incluant un proc\u00e9d\u00e9 innovant de s\u00e9chage sous vide. Ce proc\u00e9d\u00e9 permet de s\u00e9cher le bois \u00e0 basse temp\u00e9rature, en [&hellip;]<\/p>\n","protected":false},"author":1,"featured_media":0,"parent":0,"menu_order":0,"comment_status":"closed","ping_status":"closed","template":"","meta":{"site-sidebar-layout":"default","site-content-layout":"","ast-site-content-layout":"default","site-content-style":"default","site-sidebar-style":"default","ast-global-header-display":"","ast-banner-title-visibility":"","ast-main-header-display":"","ast-hfb-above-header-display":"","ast-hfb-below-header-display":"","ast-hfb-mobile-header-display":"","site-post-title":"","ast-breadcrumbs-content":"","ast-featured-img":"","footer-sml-layout":"","ast-disable-related-posts":"","theme-transparent-header-meta":"","adv-header-id-meta":"","stick-header-meta":"","header-above-stick-meta":"","header-main-stick-meta":"","header-below-stick-meta":"","astra-migrate-meta-layouts":"set","ast-page-background-enabled":"default","ast-page-background-meta":{"desktop":{"background-color":"var(--ast-global-color-4)","background-image":"","background-repeat":"repeat","background-position":"center center","background-size":"auto","background-attachment":"scroll","background-type":"","background-media":"","overlay-type":"","overlay-color":"","overlay-opacity":"","overlay-gradient":""},"tablet":{"background-color":"","background-image":"","background-repeat":"repeat","background-position":"center center","background-size":"auto","background-attachment":"scroll","background-type":"","background-media":"","overlay-type":"","overlay-color":"","overlay-opacity":"","overlay-gradient":""},"mobile":{"background-color":"","background-image":"","background-repeat":"repeat","background-position":"center center","background-size":"auto","background-attachment":"scroll","background-type":"","background-media":"","overlay-type":"","overlay-color":"","overlay-opacity":"","overlay-gradient":""}},"ast-content-background-meta":{"desktop":{"background-color":"var(--ast-global-color-5)","background-image":"","background-repeat":"repeat","background-position":"center center","background-size":"auto","background-attachment":"scroll","background-type":"","background-media":"","overlay-type":"","overlay-color":"","overlay-opacity":"","overlay-gradient":""},"tablet":{"background-color":"var(--ast-global-color-5)","background-image":"","background-repeat":"repeat","background-position":"center center","background-size":"auto","background-attachment":"scroll","background-type":"","background-media":"","overlay-type":"","overlay-color":"","overlay-opacity":"","overlay-gradient":""},"mobile":{"background-color":"var(--ast-global-color-5)","background-image":"","background-repeat":"repeat","background-position":"center center","background-size":"auto","background-attachment":"scroll","background-type":"","background-media":"","overlay-type":"","overlay-color":"","overlay-opacity":"","overlay-gradient":""}},"footnotes":""},"class_list":["post-279","page","type-page","status-publish","hentry"],"_links":{"self":[{"href":"https:\/\/www.scierie-ehrstein.com\/index.php\/wp-json\/wp\/v2\/pages\/279","targetHints":{"allow":["GET"]}}],"collection":[{"href":"https:\/\/www.scierie-ehrstein.com\/index.php\/wp-json\/wp\/v2\/pages"}],"about":[{"href":"https:\/\/www.scierie-ehrstein.com\/index.php\/wp-json\/wp\/v2\/types\/page"}],"author":[{"embeddable":true,"href":"https:\/\/www.scierie-ehrstein.com\/index.php\/wp-json\/wp\/v2\/users\/1"}],"replies":[{"embeddable":true,"href":"https:\/\/www.scierie-ehrstein.com\/index.php\/wp-json\/wp\/v2\/comments?post=279"}],"version-history":[{"count":2,"href":"https:\/\/www.scierie-ehrstein.com\/index.php\/wp-json\/wp\/v2\/pages\/279\/revisions"}],"predecessor-version":[{"id":288,"href":"https:\/\/www.scierie-ehrstein.com\/index.php\/wp-json\/wp\/v2\/pages\/279\/revisions\/288"}],"wp:attachment":[{"href":"https:\/\/www.scierie-ehrstein.com\/index.php\/wp-json\/wp\/v2\/media?parent=279"}],"curies":[{"name":"wp","href":"https:\/\/api.w.org\/{rel}","templated":true}]}}