{"id":97,"date":"2022-11-16T14:38:33","date_gmt":"2022-11-16T13:38:33","guid":{"rendered":"https:\/\/www.scierie-ehrstein.com\/?page_id=97"},"modified":"2025-07-23T14:55:51","modified_gmt":"2025-07-23T12:55:51","slug":"documents","status":"publish","type":"page","link":"https:\/\/www.scierie-ehrstein.com\/index.php\/documents\/","title":{"rendered":"Documents"},"content":{"rendered":"\n<p><a href=\"https:\/\/www.scierie-ehrstein.com\/index.php\/conditions-generales-de-vente\/\">Conditions g\u00e9n\u00e9rale de vente<\/a><\/p>\n\n\n\n<p><a href=\"https:\/\/www.scierie-ehrstein.com\/index.php\/marquage-ce\/\" data-type=\"page\" data-id=\"90\">Marquage CE<\/a><\/p>\n\n\n\n<p><a href=\"https:\/\/www.scierie-ehrstein.com\/index.php\/pefc\/\" data-type=\"page\" data-id=\"86\">PEFC<\/a><\/p>\n\n\n\n<p><a href=\"https:\/\/www.scierie-ehrstein.com\/index.php\/fiche-de-donnees-de-securite-xylophene-preventif-ex-2002-plus\/\" data-type=\"page\" data-id=\"249\">Fiche de donn\u00e9es s\u00e9curit\u00e9 &#8211; XYLOPHENE PREVENTIF EX 2002 PLUS<\/a><\/p>\n","protected":false},"excerpt":{"rendered":"<p>Conditions g\u00e9n\u00e9rale de vente Marquage CE PEFC Fiche de donn\u00e9es s\u00e9curit\u00e9 &#8211; XYLOPHENE PREVENTIF EX 2002 PLUS<\/p>\n","protected":false},"author":1,"featured_media":0,"parent":0,"menu_order":0,"comment_status":"closed","ping_status":"closed","template":"","meta":{"site-sidebar-layout":"default","site-content-layout":"","ast-site-content-layout":"default","site-content-style":"default","site-sidebar-style":"default","ast-global-header-display":"","ast-banner-title-visibility":"","ast-main-header-display":"","ast-hfb-above-header-display":"","ast-hfb-below-header-display":"","ast-hfb-mobile-header-display":"","site-post-title":"","ast-breadcrumbs-content":"","ast-featured-img":"","footer-sml-layout":"","ast-disable-related-posts":"","theme-transparent-header-meta":"","adv-header-id-meta":"","stick-header-meta":"","header-above-stick-meta":"","header-main-stick-meta":"","header-below-stick-meta":"","astra-migrate-meta-layouts":"set","ast-page-background-enabled":"default","ast-page-background-meta":{"desktop":{"background-color":"var(--ast-global-color-4)","background-image":"","background-repeat":"repeat","background-position":"center center","background-size":"auto","background-attachment":"scroll","background-type":"","background-media":"","overlay-type":"","overlay-color":"","overlay-opacity":"","overlay-gradient":""},"tablet":{"background-color":"","background-image":"","background-repeat":"repeat","background-position":"center center","background-size":"auto","background-attachment":"scroll","background-type":"","background-media":"","overlay-type":"","overlay-color":"","overlay-opacity":"","overlay-gradient":""},"mobile":{"background-color":"","background-image":"","background-repeat":"repeat","background-position":"center center","background-size":"auto","background-attachment":"scroll","background-type":"","background-media":"","overlay-type":"","overlay-color":"","overlay-opacity":"","overlay-gradient":""}},"ast-content-background-meta":{"desktop":{"background-color":"var(--ast-global-color-5)","background-image":"","background-repeat":"repeat","background-position":"center center","background-size":"auto","background-attachment":"scroll","background-type":"","background-media":"","overlay-type":"","overlay-color":"","overlay-opacity":"","overlay-gradient":""},"tablet":{"background-color":"var(--ast-global-color-5)","background-image":"","background-repeat":"repeat","background-position":"center center","background-size":"auto","background-attachment":"scroll","background-type":"","background-media":"","overlay-type":"","overlay-color":"","overlay-opacity":"","overlay-gradient":""},"mobile":{"background-color":"var(--ast-global-color-5)","background-image":"","background-repeat":"repeat","background-position":"center center","background-size":"auto","background-attachment":"scroll","background-type":"","background-media":"","overlay-type":"","overlay-color":"","overlay-opacity":"","overlay-gradient":""}},"footnotes":""},"class_list":["post-97","page","type-page","status-publish","hentry"],"_links":{"self":[{"href":"https:\/\/www.scierie-ehrstein.com\/index.php\/wp-json\/wp\/v2\/pages\/97","targetHints":{"allow":["GET"]}}],"collection":[{"href":"https:\/\/www.scierie-ehrstein.com\/index.php\/wp-json\/wp\/v2\/pages"}],"about":[{"href":"https:\/\/www.scierie-ehrstein.com\/index.php\/wp-json\/wp\/v2\/types\/page"}],"author":[{"embeddable":true,"href":"https:\/\/www.scierie-ehrstein.com\/index.php\/wp-json\/wp\/v2\/users\/1"}],"replies":[{"embeddable":true,"href":"https:\/\/www.scierie-ehrstein.com\/index.php\/wp-json\/wp\/v2\/comments?post=97"}],"version-history":[{"count":4,"href":"https:\/\/www.scierie-ehrstein.com\/index.php\/wp-json\/wp\/v2\/pages\/97\/revisions"}],"predecessor-version":[{"id":263,"href":"https:\/\/www.scierie-ehrstein.com\/index.php\/wp-json\/wp\/v2\/pages\/97\/revisions\/263"}],"wp:attachment":[{"href":"https:\/\/www.scierie-ehrstein.com\/index.php\/wp-json\/wp\/v2\/media?parent=97"}],"curies":[{"name":"wp","href":"https:\/\/api.w.org\/{rel}","templated":true}]}}